{"id":1081,"date":"2017-08-23T15:34:18","date_gmt":"2017-08-23T13:34:18","guid":{"rendered":"https:\/\/test.biarritzsportsretraite.fr\/?page_id=1081"},"modified":"2024-04-01T16:31:29","modified_gmt":"2024-04-01T14:31:29","slug":"atelier-de-chants","status":"publish","type":"page","link":"https:\/\/test.biarritzsportsretraite.fr\/index.php\/atelier-de-chants\/","title":{"rendered":"Atelier de Chants"},"content":{"rendered":"\t\t<div data-elementor-type=\"wp-page\" data-elementor-id=\"1081\" class=\"elementor elementor-1081\">\n\t\t\t\t<div class=\"elementor-element elementor-element-c86cc8c e-flex e-con-boxed e-con e-parent\" data-id=\"c86cc8c\" data-element_type=\"container\" data-e-type=\"container\">\n\t\t\t\t\t<div class=\"e-con-inner\">\n\t\t<div class=\"elementor-element elementor-element-a7f4ce7 e-con-full e-flex e-con e-child\" data-id=\"a7f4ce7\" data-element_type=\"container\" data-e-type=\"container\">\n\t\t\t\t<div class=\"elementor-element elementor-element-b37b8fb elementor-widget elementor-widget-image\" data-id=\"b37b8fb\" data-element_type=\"widget\" data-e-type=\"widget\" data-widget_type=\"image.default\">\n\t\t\t\t<div class=\"elementor-widget-container\">\n\t\t\t\t\t\t\t\t\t\t\t\t<figure class=\"wp-caption\">\n\t\t\t\t\t\t\t\t\t\t<img fetchpriority=\"high\" decoding=\"async\" width=\"300\" height=\"169\" src=\"https:\/\/test.biarritzsportsretraite.fr\/wp-content\/uploads\/2021\/05\/Chant-300x169.jpg\" class=\"attachment-medium size-medium wp-image-4479\" alt=\"\" srcset=\"https:\/\/test.biarritzsportsretraite.fr\/wp-content\/uploads\/2021\/05\/Chant-300x169.jpg 300w, https:\/\/test.biarritzsportsretraite.fr\/wp-content\/uploads\/2021\/05\/Chant-768x432.jpg 768w, https:\/\/test.biarritzsportsretraite.fr\/wp-content\/uploads\/2021\/05\/Chant-e1622359886811.jpg 1024w\" sizes=\"(max-width: 300px) 100vw, 300px\" \/>\t\t\t\t\t\t\t\t\t\t\t<figcaption class=\"widget-image-caption wp-caption-text\">BIARRITZ SPORTS RETRAITE<\/figcaption>\n\t\t\t\t\t\t\t\t\t\t<\/figure>\n\t\t\t\t\t\t\t\t\t<\/div>\n\t\t\t\t<\/div>\n\t\t\t\t<\/div>\n\t\t\t\t\t<\/div>\n\t\t\t\t<\/div>\n\t\t<div class=\"elementor-element elementor-element-0c20a43 e-flex e-con-boxed e-con e-parent\" data-id=\"0c20a43\" data-element_type=\"container\" data-e-type=\"container\">\n\t\t\t\t\t<div class=\"e-con-inner\">\n\t\t<div class=\"elementor-element elementor-element-9145785 e-con-full e-flex e-con e-child\" data-id=\"9145785\" data-element_type=\"container\" data-e-type=\"container\">\n\t\t\t\t<div class=\"elementor-element elementor-element-ead760e elementor-widget elementor-widget-text-editor\" data-id=\"ead760e\" data-element_type=\"widget\" data-e-type=\"widget\" data-widget_type=\"text-editor.default\">\n\t\t\t\t<div class=\"elementor-widget-container\">\n\t\t\t\t\t\t\t\t\t<p style=\"text-align: center;\" align=\"center\"><span lang=\"FR\" style=\"color: #223947;\">Chanter en toute simplicit\u00e9, dans la bonne humeur.<\/span><\/p><p style=\"text-align: center;\" align=\"center\"><span lang=\"FR\" style=\"color: #223947;\">avec <strong>Pierre Legendre<\/strong> et <strong>Bernard Contraires.<\/strong><\/span><\/p><p style=\"text-align: center;\" align=\"center\"><span lang=\"FR\" style=\"color: #223947;\">La CL\u00c9 des CHANTS est ouverte \u00e0 tous les adh\u00e9rents<\/span><\/p><p style=\"text-align: center;\" align=\"center\"><span style=\"color: #223947;\"><strong><span lang=\"FR\">\u00a0<\/span><\/strong><\/span><\/p><p style=\"text-align: center;\" align=\"center\"><span style=\"color: #223947;\"><strong><span lang=\"FR\">Salle Saint Martin<\/span><\/strong><\/span><\/p><p style=\"text-align: center;\" align=\"center\"><strong><span lang=\"FR\" style=\"color: red; mso-ansi-language: FR;\"><span style=\"color: #223947;\">Mardi :<\/span> 17h30 &#8211; 19h<\/span><\/strong><\/p><p style=\"text-align: center;\" align=\"center\"><span style=\"color: #223947;\"><strong><span lang=\"FR\">R\u00e9f\u00e9rente :<\/span><\/strong><\/span><\/p><p style=\"text-align: center;\" align=\"center\"><span lang=\"FR\" style=\"color: #223947;\">Fran\u00e7oise Legendre<\/span><\/p>\t\t\t\t\t\t\t\t<\/div>\n\t\t\t\t<\/div>\n\t\t\t\t<\/div>\n\t\t\t\t\t<\/div>\n\t\t\t\t<\/div>\n\t\t\t\t<\/div>\n\t\t","protected":false},"excerpt":{"rendered":"<p>BIARRITZ SPORTS RETRAITE Chanter en toute simplicit\u00e9, dans la bonne humeur. avec Pierre Legendre et Bernard Contraires. La CL\u00c9 des CHANTS est ouverte \u00e0 tous les adh\u00e9rents \u00a0 Salle Saint Martin Mardi : 17h30 &#8211; 19h R\u00e9f\u00e9rente : Fran\u00e7oise Legendre<\/p>\n","protected":false},"author":5,"featured_media":0,"parent":0,"menu_order":0,"comment_status":"closed","ping_status":"closed","template":"","meta":{"_seopress_robots_primary_cat":"","_seopress_titles_title":"","_seopress_titles_desc":"","_seopress_robots_index":"","footnotes":""},"class_list":["post-1081","page","type-page","status-publish","hentry"],"_links":{"self":[{"href":"https:\/\/test.biarritzsportsretraite.fr\/index.php\/wp-json\/wp\/v2\/pages\/1081","targetHints":{"allow":["GET"]}}],"collection":[{"href":"https:\/\/test.biarritzsportsretraite.fr\/index.php\/wp-json\/wp\/v2\/pages"}],"about":[{"href":"https:\/\/test.biarritzsportsretraite.fr\/index.php\/wp-json\/wp\/v2\/types\/page"}],"author":[{"embeddable":true,"href":"https:\/\/test.biarritzsportsretraite.fr\/index.php\/wp-json\/wp\/v2\/users\/5"}],"replies":[{"embeddable":true,"href":"https:\/\/test.biarritzsportsretraite.fr\/index.php\/wp-json\/wp\/v2\/comments?post=1081"}],"version-history":[{"count":46,"href":"https:\/\/test.biarritzsportsretraite.fr\/index.php\/wp-json\/wp\/v2\/pages\/1081\/revisions"}],"predecessor-version":[{"id":9142,"href":"https:\/\/test.biarritzsportsretraite.fr\/index.php\/wp-json\/wp\/v2\/pages\/1081\/revisions\/9142"}],"wp:attachment":[{"href":"https:\/\/test.biarritzsportsretraite.fr\/index.php\/wp-json\/wp\/v2\/media?parent=1081"}],"curies":[{"name":"wp","href":"https:\/\/api.w.org\/{rel}","templated":true}]}}