{"id":1095,"date":"2017-08-23T15:46:51","date_gmt":"2017-08-23T13:46:51","guid":{"rendered":"https:\/\/test.biarritzsportsretraite.fr\/?page_id=1095"},"modified":"2024-09-16T18:00:16","modified_gmt":"2024-09-16T16:00:16","slug":"golf","status":"publish","type":"page","link":"https:\/\/test.biarritzsportsretraite.fr\/index.php\/golf\/","title":{"rendered":"Golf"},"content":{"rendered":"\t\t<div data-elementor-type=\"wp-page\" data-elementor-id=\"1095\" class=\"elementor elementor-1095\">\n\t\t\t\t<div class=\"elementor-element elementor-element-c788e97 e-flex e-con-boxed e-con e-parent\" data-id=\"c788e97\" data-element_type=\"container\" data-e-type=\"container\">\n\t\t\t\t\t<div class=\"e-con-inner\">\n\t\t<div class=\"elementor-element elementor-element-d919543 e-con-full e-flex e-con e-child\" data-id=\"d919543\" data-element_type=\"container\" data-e-type=\"container\">\n\t\t\t\t<div class=\"elementor-element elementor-element-0a026a2 elementor-widget elementor-widget-image\" data-id=\"0a026a2\" data-element_type=\"widget\" data-e-type=\"widget\" data-widget_type=\"image.default\">\n\t\t\t\t<div class=\"elementor-widget-container\">\n\t\t\t\t\t\t\t\t\t\t\t\t<figure class=\"wp-caption\">\n\t\t\t\t\t\t\t\t\t\t<img fetchpriority=\"high\" decoding=\"async\" width=\"300\" height=\"214\" src=\"https:\/\/test.biarritzsportsretraite.fr\/wp-content\/uploads\/2021\/05\/GOLF2-300x214.jpg\" class=\"attachment-medium size-medium wp-image-4541\" alt=\"\" srcset=\"https:\/\/test.biarritzsportsretraite.fr\/wp-content\/uploads\/2021\/05\/GOLF2-300x214.jpg 300w, https:\/\/test.biarritzsportsretraite.fr\/wp-content\/uploads\/2021\/05\/GOLF2.jpg 627w\" sizes=\"(max-width: 300px) 100vw, 300px\" \/>\t\t\t\t\t\t\t\t\t\t\t<figcaption class=\"widget-image-caption wp-caption-text\">BIARRITZ SPORTS RETRAITE<\/figcaption>\n\t\t\t\t\t\t\t\t\t\t<\/figure>\n\t\t\t\t\t\t\t\t\t<\/div>\n\t\t\t\t<\/div>\n\t\t\t\t<\/div>\n\t\t\t\t\t<\/div>\n\t\t\t\t<\/div>\n\t\t<div class=\"elementor-element elementor-element-047e6da e-flex e-con-boxed e-con e-parent\" data-id=\"047e6da\" data-element_type=\"container\" data-e-type=\"container\">\n\t\t\t\t\t<div class=\"e-con-inner\">\n\t\t<div class=\"elementor-element elementor-element-8436811 e-con-full e-flex e-con e-child\" data-id=\"8436811\" data-element_type=\"container\" data-e-type=\"container\">\n\t\t\t\t<div class=\"elementor-element elementor-element-e2bda8c elementor-widget elementor-widget-text-editor\" data-id=\"e2bda8c\" data-element_type=\"widget\" data-e-type=\"widget\" data-widget_type=\"text-editor.default\">\n\t\t\t\t<div class=\"elementor-widget-container\">\n\t\t\t\t\t\t\t\t\t<p><\/p>\n<p style=\"text-align: center;\"><span style=\"color: #223947;\"><strong>\u00ab\u00a0<\/strong> Le golf est une agr\u00e9able promenade, g\u00e2ch\u00e9e par une petite balle blanche\u00a0\u00bb disait Mark Twain<\/span><\/p>\n<p style=\"text-align: center;\"><span style=\"color: #223947;\">Mais d\u00e9couvrir ce sport, c&rsquo;est d\u00e9velopper son adresse, sa concentration, sa coordination dans un cadre somptueux et une ambiance amicale.<\/span><\/p>\n<p style=\"text-align: center;\"><span style=\"color: #ff0000;\"><strong><span style=\"color: #000000;\"><span style=\"color: #223947;\">Golf d&rsquo;Ilbarritz<\/span>&nbsp;<\/span><br><\/strong><\/span><span style=\"color: #223947;\"><strong>1 avenue du Ch\u00e2teau \u00e0 Bidart<\/strong><\/span><\/p>\n<p style=\"text-align: center;\"><span style=\"color: #223947;\"><strong>Professeur<\/strong> :<\/span>&nbsp; <span style=\"color: #223947;\">Didier Jenaste<\/span><\/p>\n<p style=\"text-align: center;\"><strong><span style=\"color: #000000;\"><span style=\"color: #223947;\">Chaque Mercredi<\/span> :<\/span><\/strong><\/p>\n<p style=\"text-align: center;\"><strong><span style=\"color: #ff0000;\"><span style=\"color: #223947;\">Initiation :<\/span>&nbsp;9h00 &#8211; 10h00<\/span><\/strong><\/p>\n<p style=\"text-align: center;\"><strong>&nbsp;<span style=\"color: #db1616;\"><span style=\"color: #223947;\">Perf<\/span><\/span><span style=\"color: #223947;\">ectionnement :<\/span> <span style=\"color: #ff0000;\">10h00 &#8211; 11h00&nbsp; groupe 1 &amp; 2 &#8211; semaines altern\u00e9es<\/span><\/strong><\/p>\n<p style=\"text-align: center;\"><strong><span style=\"color: #ff0000;\"><span style=\"color: #223947;\">Perfectionnement :<\/span> 11h00 &#8211; 12h00&nbsp; groupe 3 &amp; 4 &#8211; semaines altern\u00e9es<\/span><\/strong><\/p>\n<p style=\"text-align: center;\"><strong style=\"font-style: normal; font-variant-ligatures: normal; font-variant-caps: normal; font-size: 18px; font-family: 'Open Sans', sans-serif;\"><span style=\"color: #ff0000;\"><span style=\"color: #223947;\">Perfectionnement :<\/span>&nbsp;12h00 &#8211; 13h00&nbsp; groupe 5 &amp; 6 &#8211; semaines altern\u00e9es<\/span><\/strong><strong><span style=\"color: #ff0000;\"><br><\/span><\/strong><\/p>\n<p style=\"text-align: center;\"><strong style=\"font-style: normal; font-variant-ligatures: normal; font-variant-caps: normal; font-size: 18px; font-family: 'Open Sans', sans-serif;\"><span style=\"color: #ff0000;\"><span style=\"color: #223947;\">Perfectionnement :<\/span>&nbsp;13h00 &#8211; 14h00&nbsp; groupe 7 &amp; 8 &#8211; semaines altern\u00e9es<\/span><\/strong><strong style=\"font-style: normal; font-variant-ligatures: normal; font-variant-caps: normal; font-size: 18px; font-family: 'Open Sans', sans-serif;\"><span style=\"color: #ff0000;\"><br><\/span><\/strong><\/p>\n<p style=\"text-align: center;\"><strong style=\"font-style: normal; font-variant-ligatures: normal; font-variant-caps: normal; font-size: 18px; font-family: &quot;Open Sans&quot;, sans-serif;\"><span style=\"color: rgb(255, 0, 0);\"><span style=\"color: rgb(34, 57, 71);\">&nbsp;Perfectionnement :<\/span>&nbsp;14h00 &#8211; 15h00&nbsp; groupe 9 &amp; 10 &#8211; semaines altern\u00e9es<\/span><\/strong><strong style=\"font-style: normal; font-variant-ligatures: normal; font-variant-caps: normal; font-size: 18px; font-family: 'Open Sans', sans-serif;\"><span style=\"color: #ff0000;\"><br><\/span><\/strong><\/p>\n<p style=\"text-align: center;\"><strong style=\"font-style: normal; font-variant-ligatures: normal; font-variant-caps: normal; font-size: 18px; font-family: 'Open Sans', sans-serif;\"><span style=\"color: #ff0000;\"><br><\/span><\/strong><\/p>\n<p style=\"text-align: center;\"><span style=\"color: #223947;\">Balles \u00e0 r\u00e9gler \u00e0 l&rsquo;accueil<\/span><br><span style=\"color: #223947;\">&nbsp;Mat\u00e9riel&nbsp;<\/span><span style=\"font-family: 'Open Sans', sans-serif; font-size: 18px; font-style: normal; font-variant-ligatures: normal; font-variant-caps: normal; font-weight: 600;\">(non fourni)&nbsp;<\/span>: 1\/2 ou s\u00e9rie de clubs&nbsp;<\/p>\n<p style=\"text-align: center;\"><span style=\"color: #223947;\"><strong>R\u00e9f\u00e9rent <\/strong>:<\/span><br>Christian Liquet<\/p>\t\t\t\t\t\t\t\t<\/div>\n\t\t\t\t<\/div>\n\t\t\t\t<\/div>\n\t\t\t\t\t<\/div>\n\t\t\t\t<\/div>\n\t\t\t\t<\/div>\n\t\t","protected":false},"excerpt":{"rendered":"<p>BIARRITZ SPORTS RETRAITE \u00ab\u00a0 Le golf est une agr\u00e9able promenade, g\u00e2ch\u00e9e par une petite balle blanche\u00a0\u00bb disait Mark Twain Mais d\u00e9couvrir ce sport, c&rsquo;est d\u00e9velopper son adresse, sa concentration, sa coordination dans un cadre somptueux et une ambiance amicale. Golf d&rsquo;Ilbarritz&nbsp;1 avenue du Ch\u00e2teau \u00e0 Bidart Professeur :&nbsp; Didier Jenaste Chaque Mercredi : Initiation :&nbsp;9h00 &#8211; 10h00 &nbsp;Perfectionnement : 10h00 &#8211; 11h00&nbsp; groupe 1 &amp; 2 &#8211; semaines altern\u00e9es Perfectionnement : 11h00 &#8211; 12h00&nbsp; groupe 3 &amp; 4 &#8211; semaines<\/p>\n","protected":false},"author":5,"featured_media":0,"parent":0,"menu_order":0,"comment_status":"closed","ping_status":"closed","template":"","meta":{"_seopress_robots_primary_cat":"","_seopress_titles_title":"","_seopress_titles_desc":"","_seopress_robots_index":"","footnotes":""},"class_list":["post-1095","page","type-page","status-publish","hentry"],"_links":{"self":[{"href":"https:\/\/test.biarritzsportsretraite.fr\/index.php\/wp-json\/wp\/v2\/pages\/1095","targetHints":{"allow":["GET"]}}],"collection":[{"href":"https:\/\/test.biarritzsportsretraite.fr\/index.php\/wp-json\/wp\/v2\/pages"}],"about":[{"href":"https:\/\/test.biarritzsportsretraite.fr\/index.php\/wp-json\/wp\/v2\/types\/page"}],"author":[{"embeddable":true,"href":"https:\/\/test.biarritzsportsretraite.fr\/index.php\/wp-json\/wp\/v2\/users\/5"}],"replies":[{"embeddable":true,"href":"https:\/\/test.biarritzsportsretraite.fr\/index.php\/wp-json\/wp\/v2\/comments?post=1095"}],"version-history":[{"count":73,"href":"https:\/\/test.biarritzsportsretraite.fr\/index.php\/wp-json\/wp\/v2\/pages\/1095\/revisions"}],"predecessor-version":[{"id":9843,"href":"https:\/\/test.biarritzsportsretraite.fr\/index.php\/wp-json\/wp\/v2\/pages\/1095\/revisions\/9843"}],"wp:attachment":[{"href":"https:\/\/test.biarritzsportsretraite.fr\/index.php\/wp-json\/wp\/v2\/media?parent=1095"}],"curies":[{"name":"wp","href":"https:\/\/api.w.org\/{rel}","templated":true}]}}