{"id":1107,"date":"2017-08-23T15:56:23","date_gmt":"2017-08-23T13:56:23","guid":{"rendered":"https:\/\/test.biarritzsportsretraite.fr\/?page_id=1107"},"modified":"2024-10-26T14:58:55","modified_gmt":"2024-10-26T12:58:55","slug":"marche-nordique","status":"publish","type":"page","link":"https:\/\/test.biarritzsportsretraite.fr\/index.php\/marche-nordique\/","title":{"rendered":"Marche Nordique"},"content":{"rendered":"\t\t<div data-elementor-type=\"wp-page\" data-elementor-id=\"1107\" class=\"elementor elementor-1107\">\n\t\t\t\t<div class=\"elementor-element elementor-element-a44f524 e-flex e-con-boxed e-con e-parent\" data-id=\"a44f524\" data-element_type=\"container\" data-e-type=\"container\">\n\t\t\t\t\t<div class=\"e-con-inner\">\n\t\t<div class=\"elementor-element elementor-element-89650d9 e-con-full e-flex e-con e-child\" data-id=\"89650d9\" data-element_type=\"container\" data-e-type=\"container\">\n\t\t\t\t<div class=\"elementor-element elementor-element-c1a1d3d elementor-align-center elementor-widget elementor-widget-button\" data-id=\"c1a1d3d\" data-element_type=\"widget\" data-e-type=\"widget\" data-widget_type=\"button.default\">\n\t\t\t\t<div class=\"elementor-widget-container\">\n\t\t\t\t\t\t\t\t\t<div class=\"elementor-button-wrapper\">\n\t\t\t\t\t<a class=\"elementor-button elementor-button-link elementor-size-sm\" href=\"https:\/\/test.biarritzsportsretraite.fr\/index.php\/programme-des-randonnees-2\/\">\n\t\t\t\t\t\t<span class=\"elementor-button-content-wrapper\">\n\t\t\t\t\t\t\t\t\t<span class=\"elementor-button-text\">Programme Randonn\u00e9e &amp; Marche<\/span>\n\t\t\t\t\t<\/span>\n\t\t\t\t\t<\/a>\n\t\t\t\t<\/div>\n\t\t\t\t\t\t\t\t<\/div>\n\t\t\t\t<\/div>\n\t\t\t\t<\/div>\n\t\t\t\t\t<\/div>\n\t\t\t\t<\/div>\n\t\t<div class=\"elementor-element elementor-element-e091935 e-flex e-con-boxed e-con e-parent\" data-id=\"e091935\" data-element_type=\"container\" data-e-type=\"container\">\n\t\t\t\t\t<div class=\"e-con-inner\">\n\t\t<div class=\"elementor-element elementor-element-c91bdbd e-con-full e-flex e-con e-child\" data-id=\"c91bdbd\" data-element_type=\"container\" data-e-type=\"container\">\n\t\t\t\t<div class=\"elementor-element elementor-element-01ded85 elementor-widget elementor-widget-image\" data-id=\"01ded85\" data-element_type=\"widget\" data-e-type=\"widget\" data-widget_type=\"image.default\">\n\t\t\t\t<div class=\"elementor-widget-container\">\n\t\t\t\t\t\t\t\t\t\t\t\t\t\t\t<img decoding=\"async\" src=\"https:\/\/test.biarritzsportsretraite.fr\/wp-content\/uploads\/elementor\/thumbs\/Marche-Nord-qwdd3vn11x6ap8m89j5qh62kg4lyj2wkyhz4uae9qo.jpeg\" title=\"Marche Nord\" alt=\"Marche Nordique\" loading=\"lazy\" \/>\t\t\t\t\t\t\t\t\t\t\t\t\t\t\t<\/div>\n\t\t\t\t<\/div>\n\t\t\t\t<div class=\"elementor-element elementor-element-371afe4 elementor-widget elementor-widget-image\" data-id=\"371afe4\" data-element_type=\"widget\" data-e-type=\"widget\" data-widget_type=\"image.default\">\n\t\t\t\t<div class=\"elementor-widget-container\">\n\t\t\t\t\t\t\t\t\t\t\t\t<figure class=\"wp-caption\">\n\t\t\t\t\t\t\t\t\t\t<img fetchpriority=\"high\" decoding=\"async\" width=\"300\" height=\"190\" src=\"https:\/\/test.biarritzsportsretraite.fr\/wp-content\/uploads\/2023\/01\/Marche-douce-300x190.jpg\" class=\"attachment-medium size-medium wp-image-7906\" alt=\"\" srcset=\"https:\/\/test.biarritzsportsretraite.fr\/wp-content\/uploads\/2023\/01\/Marche-douce-300x190.jpg 300w, https:\/\/test.biarritzsportsretraite.fr\/wp-content\/uploads\/2023\/01\/Marche-douce-1024x648.jpg 1024w, https:\/\/test.biarritzsportsretraite.fr\/wp-content\/uploads\/2023\/01\/Marche-douce-768x486.jpg 768w, https:\/\/test.biarritzsportsretraite.fr\/wp-content\/uploads\/2023\/01\/Marche-douce.jpg 1409w\" sizes=\"(max-width: 300px) 100vw, 300px\" \/>\t\t\t\t\t\t\t\t\t\t\t<figcaption class=\"widget-image-caption wp-caption-text\">BIARRITZ SPORTS RETRAITE<\/figcaption>\n\t\t\t\t\t\t\t\t\t\t<\/figure>\n\t\t\t\t\t\t\t\t\t<\/div>\n\t\t\t\t<\/div>\n\t\t\t\t<div class=\"elementor-element elementor-element-14f48bb elementor-widget elementor-widget-text-editor\" data-id=\"14f48bb\" data-element_type=\"widget\" data-e-type=\"widget\" data-widget_type=\"text-editor.default\">\n\t\t\t\t<div class=\"elementor-widget-container\">\n\t\t\t\t\t\t\t\t\t<p style=\"text-align: center;\">D\u00e9velopp\u00e9e dans les pays scandinaves, la Marche Nordique est<\/p><p style=\"text-align: center;\">une pratique dynamique qui allie le travail d\u2019endurance au<\/p><p style=\"text-align: center;\">renforcement musculaire et \u00e0 la concentration.<\/p><p style=\"text-align: center;\">Il s\u2019agit d\u2019une marche \u00e0 laquelle tout le corps participe, une<\/p><p style=\"text-align: center;\">marche all\u00e9g\u00e9e et allong\u00e9e par la pouss\u00e9e altern\u00e9e des bras sur les<\/p><p style=\"text-align: center;\">b\u00e2tons et les gantelets, et qui par l\u00e0, gagne en amplitude.<\/p><p style=\"text-align: center;\">Elle am\u00e9liore l\u2019\u00e9quilibre et la posture et stimule la fonction<\/p><p style=\"text-align: center;\">respiratoire.<\/p><p style=\"text-align: center;\">Il s\u2019agit d\u2019un sport sant\u00e9 plus que d\u2019un sport balade.<\/p><p style=\"text-align: center;\">Les s\u00e9ances se d\u00e9roulent dans la for\u00eat de Chiberta.<\/p><p style=\"text-align: center;\">Quelques variantes peuvent \u00eatre propos\u00e9es par les animateurs<\/p><p style=\"text-align: center;\">dans l\u2019ann\u00e9e : par exemple par grande mar\u00e9e basse sur la plage<\/p><p style=\"text-align: center;\">d\u2019\u2019Ilbarritz ou Hendaye.<\/p><div style=\"font-variant-ligatures: normal; font-variant-caps: normal; font-size: 19px; font-family: 'Open Sans', sans-serif;\"><span style=\"font-weight: 600; font-style: normal;\">\u00a0 \u00a0 \u00a0 \u00a0 \u00a0 \u00a0 \u00a0 \u00a0 \u00a0 \u00a0 \u00a0 \u00a0 \u00a0 \u00a0 \u00a0 \u00a0 \u00a0 \u00a0 \u00a0<\/span><span style=\"color: #ff0000;\">Mardi de 9h30 \u00e0 11h :<\/span> <b>d\u00e9part du Parking de Montbrun.<\/b><\/div><div style=\"font-style: normal; font-variant-ligatures: normal; font-variant-caps: normal; font-weight: 600; font-size: 19px; font-family: 'Open Sans', sans-serif;\"><p>\u00a0 \u00a0 \u00a0 \u00a0 \u00a0 \u00a0 \u00a0 \u00a0 \u00a0 \u00a0 \u00a0 \u00a0 \u00a0 \u00a0 \u00a0 \u00a0 \u00a0 \u00a0 \u00a0Animateurs : Miguel Sanchez, Dani\u00e8le Baron, Colette Cadet.<\/p><\/div><div style=\"font-style: normal; font-variant-ligatures: normal; font-variant-caps: normal; font-size: 19px; font-family: 'Open Sans', sans-serif;\"><span style=\"color: #ff0000;\">\u00a0 \u00a0 \u00a0 \u00a0 \u00a0 \u00a0 \u00a0 \u00a0 \u00a0 \u00a0 \u00a0 \u00a0 \u00a0 \u00a0 \u00a0 \u00a0 \u00a0 \u00a0 \u00a0Mercredi de 9H30 \u00e0 11H :<\/span><b> d\u00e9part du Parking de Montbrun.<\/b><\/div><div style=\"font-style: normal; font-variant-ligatures: normal; font-variant-caps: normal; font-weight: 600; font-size: 19px; font-family: 'Open Sans', sans-serif;\">\u00a0 \u00a0 \u00a0 \u00a0 \u00a0 \u00a0 \u00a0 \u00a0 \u00a0 \u00a0 \u00a0 \u00a0 \u00a0 \u00a0 \u00a0 \u00a0 \u00a0 \u00a0 \u00a0Animatrices : Eliane Girard le Ven, Sylvie Frayer.<\/div><p style=\"text-align: center;\"><span style=\"color: #223947;\"><strong>R\u00e9f\u00e9rents<\/strong> :<\/span><\/p><p style=\"text-align: center;\"><span style=\"color: #223947;\"><strong>Mardi<\/strong> : Daniele Vidal<br \/><\/span><\/p><p style=\"text-align: center;\"><span style=\"color: #223947;\"><strong>Mercredi<\/strong> : Eliane Girard<\/span><\/p><div>\u00a0<\/div><div>\u00a0 \u00a0 \u00a0 \u00a0 \u00a0 \u00a0Le mat\u00e9riel sp\u00e9cifique (b\u00e2tons \u00e0 gantelets) peut vous \u00eatre pr\u00eat\u00e9 lors de la premi\u00e8re s\u00e9ance d\u2019essai qui doit d\u00e9terminer si cette pratique vous convient.<\/div>\t\t\t\t\t\t\t\t<\/div>\n\t\t\t\t<\/div>\n\t\t\t\t<\/div>\n\t\t\t\t\t<\/div>\n\t\t\t\t<\/div>\n\t\t\t\t<\/div>\n\t\t","protected":false},"excerpt":{"rendered":"<p>Programme Randonn\u00e9e &#038; Marche BIARRITZ SPORTS RETRAITE D\u00e9velopp\u00e9e dans les pays scandinaves, la Marche Nordique est une pratique dynamique qui allie le travail d\u2019endurance au renforcement musculaire et \u00e0 la concentration. Il s\u2019agit d\u2019une marche \u00e0 laquelle tout le corps participe, une marche all\u00e9g\u00e9e et allong\u00e9e par la pouss\u00e9e altern\u00e9e des bras sur les b\u00e2tons et les gantelets, et qui par l\u00e0, gagne en amplitude. Elle am\u00e9liore l\u2019\u00e9quilibre et la posture et stimule la fonction respiratoire. Il s\u2019agit d\u2019un sport<\/p>\n","protected":false},"author":5,"featured_media":0,"parent":0,"menu_order":0,"comment_status":"closed","ping_status":"closed","template":"","meta":{"_seopress_robots_primary_cat":"","_seopress_titles_title":"","_seopress_titles_desc":"","_seopress_robots_index":"","footnotes":""},"class_list":["post-1107","page","type-page","status-publish","hentry"],"_links":{"self":[{"href":"https:\/\/test.biarritzsportsretraite.fr\/index.php\/wp-json\/wp\/v2\/pages\/1107","targetHints":{"allow":["GET"]}}],"collection":[{"href":"https:\/\/test.biarritzsportsretraite.fr\/index.php\/wp-json\/wp\/v2\/pages"}],"about":[{"href":"https:\/\/test.biarritzsportsretraite.fr\/index.php\/wp-json\/wp\/v2\/types\/page"}],"author":[{"embeddable":true,"href":"https:\/\/test.biarritzsportsretraite.fr\/index.php\/wp-json\/wp\/v2\/users\/5"}],"replies":[{"embeddable":true,"href":"https:\/\/test.biarritzsportsretraite.fr\/index.php\/wp-json\/wp\/v2\/comments?post=1107"}],"version-history":[{"count":137,"href":"https:\/\/test.biarritzsportsretraite.fr\/index.php\/wp-json\/wp\/v2\/pages\/1107\/revisions"}],"predecessor-version":[{"id":10073,"href":"https:\/\/test.biarritzsportsretraite.fr\/index.php\/wp-json\/wp\/v2\/pages\/1107\/revisions\/10073"}],"wp:attachment":[{"href":"https:\/\/test.biarritzsportsretraite.fr\/index.php\/wp-json\/wp\/v2\/media?parent=1107"}],"curies":[{"name":"wp","href":"https:\/\/api.w.org\/{rel}","templated":true}]}}