{"id":1125,"date":"2017-08-23T16:11:41","date_gmt":"2017-08-23T14:11:41","guid":{"rendered":"https:\/\/test.biarritzsportsretraite.fr\/?page_id=1125"},"modified":"2024-03-31T15:47:16","modified_gmt":"2024-03-31T13:47:16","slug":"yoga","status":"publish","type":"page","link":"https:\/\/test.biarritzsportsretraite.fr\/index.php\/yoga\/","title":{"rendered":"Yoga"},"content":{"rendered":"\t\t<div data-elementor-type=\"wp-page\" data-elementor-id=\"1125\" class=\"elementor elementor-1125\">\n\t\t\t\t<div class=\"elementor-element elementor-element-2178a25 e-flex e-con-boxed e-con e-parent\" data-id=\"2178a25\" data-element_type=\"container\" data-e-type=\"container\">\n\t\t\t\t\t<div class=\"e-con-inner\">\n\t\t<div class=\"elementor-element elementor-element-ccd1d06 e-con-full e-flex e-con e-child\" data-id=\"ccd1d06\" data-element_type=\"container\" data-e-type=\"container\">\n\t\t\t\t<div class=\"elementor-element elementor-element-5bd44f6 elementor-widget elementor-widget-image\" data-id=\"5bd44f6\" data-element_type=\"widget\" data-e-type=\"widget\" data-widget_type=\"image.default\">\n\t\t\t\t<div class=\"elementor-widget-container\">\n\t\t\t\t\t\t\t\t\t\t\t\t<figure class=\"wp-caption\">\n\t\t\t\t\t\t\t\t\t\t<img decoding=\"async\" src=\"https:\/\/test.biarritzsportsretraite.fr\/wp-content\/uploads\/elementor\/thumbs\/yoga-qwdd3wkv8r85hfx5g48tkro1fcxj0nzhw44gcivum0.jpeg\" title=\"yoga\" alt=\"yoga\" loading=\"lazy\" \/>\t\t\t\t\t\t\t\t\t\t\t<figcaption class=\"widget-image-caption wp-caption-text\">BIARRITZ SPORTS RETRAITE<\/figcaption>\n\t\t\t\t\t\t\t\t\t\t<\/figure>\n\t\t\t\t\t\t\t\t\t<\/div>\n\t\t\t\t<\/div>\n\t\t\t\t<\/div>\n\t\t\t\t\t<\/div>\n\t\t\t\t<\/div>\n\t\t<div class=\"elementor-element elementor-element-347b094 e-flex e-con-boxed e-con e-parent\" data-id=\"347b094\" data-element_type=\"container\" data-e-type=\"container\">\n\t\t\t\t\t<div class=\"e-con-inner\">\n\t\t<div class=\"elementor-element elementor-element-24163a9 e-con-full e-flex e-con e-child\" data-id=\"24163a9\" data-element_type=\"container\" data-e-type=\"container\">\n\t\t\t\t<div class=\"elementor-element elementor-element-d0c8518 elementor-widget elementor-widget-text-editor\" data-id=\"d0c8518\" data-element_type=\"widget\" data-e-type=\"widget\" data-widget_type=\"text-editor.default\">\n\t\t\t\t<div class=\"elementor-widget-container\">\n\t\t\t\t\t\t\t\t\t<p><\/p>\n<p style=\"text-align: center;\"><span style=\"color: #223947;\">Le yoga c\u2019est la recherche d\u2019une prise de conscience plus approfondie de son corps, d\u2019un affinement des sens, dans un climat de douceur et d\u2019harmonie physique et mentale.<\/span><\/p>\n<p><\/p>\n<p><span style=\"color: #223947;\"><strong>Mat\u00e9riel<\/strong> : Tapis, chaussons ou chaussettes.<\/span><\/p>\n<p style=\"text-align: center;\"><span style=\"color: #223947;\"><strong>Professeur<\/strong> : Karine Yssambourg<\/span><\/p>\n<p><\/p>\n<p><span style=\"color: #223947;\"><strong>Salle du Braou<\/strong><\/span><\/p>\n<p style=\"text-align: center;\"><span style=\"color: #223947;\"><strong>Mercredi<\/strong> :<\/span> <strong><span style=\"color: #db1616;\">9h &#8211; 10h<\/span><\/strong><\/p>\n<p><\/p>\n<p style=\"text-align: center;\"><span style=\"color: #223947;\"><strong> R\u00e9f\u00e9rentes<\/strong> :<\/span><\/p>\n<p style=\"text-align: center;\"><span style=\"color: #223947;\">Colette Cadet<\/span><\/p>\n<p style=\"text-align: center;\">\n<\/p><p style=\"text-align: center;\">\n<\/p>\t\t\t\t\t\t\t\t<\/div>\n\t\t\t\t<\/div>\n\t\t\t\t<\/div>\n\t\t\t\t\t<\/div>\n\t\t\t\t<\/div>\n\t\t\t\t<\/div>\n\t\t","protected":false},"excerpt":{"rendered":"<p>BIARRITZ SPORTS RETRAITE Le yoga c\u2019est la recherche d\u2019une prise de conscience plus approfondie de son corps, d\u2019un affinement des sens, dans un climat de douceur et d\u2019harmonie physique et mentale. Mat\u00e9riel : Tapis, chaussons ou chaussettes. Professeur : Karine Yssambourg Salle du Braou Mercredi : 9h &#8211; 10h R\u00e9f\u00e9rentes : Colette Cadet<\/p>\n","protected":false},"author":5,"featured_media":0,"parent":0,"menu_order":0,"comment_status":"closed","ping_status":"closed","template":"","meta":{"_seopress_robots_primary_cat":"","_seopress_titles_title":"","_seopress_titles_desc":"","_seopress_robots_index":"","footnotes":""},"class_list":["post-1125","page","type-page","status-publish","hentry"],"_links":{"self":[{"href":"https:\/\/test.biarritzsportsretraite.fr\/index.php\/wp-json\/wp\/v2\/pages\/1125","targetHints":{"allow":["GET"]}}],"collection":[{"href":"https:\/\/test.biarritzsportsretraite.fr\/index.php\/wp-json\/wp\/v2\/pages"}],"about":[{"href":"https:\/\/test.biarritzsportsretraite.fr\/index.php\/wp-json\/wp\/v2\/types\/page"}],"author":[{"embeddable":true,"href":"https:\/\/test.biarritzsportsretraite.fr\/index.php\/wp-json\/wp\/v2\/users\/5"}],"replies":[{"embeddable":true,"href":"https:\/\/test.biarritzsportsretraite.fr\/index.php\/wp-json\/wp\/v2\/comments?post=1125"}],"version-history":[{"count":67,"href":"https:\/\/test.biarritzsportsretraite.fr\/index.php\/wp-json\/wp\/v2\/pages\/1125\/revisions"}],"predecessor-version":[{"id":7954,"href":"https:\/\/test.biarritzsportsretraite.fr\/index.php\/wp-json\/wp\/v2\/pages\/1125\/revisions\/7954"}],"wp:attachment":[{"href":"https:\/\/test.biarritzsportsretraite.fr\/index.php\/wp-json\/wp\/v2\/media?parent=1125"}],"curies":[{"name":"wp","href":"https:\/\/api.w.org\/{rel}","templated":true}]}}