{"id":1310,"date":"2017-09-06T10:57:19","date_gmt":"2017-09-06T08:57:19","guid":{"rendered":"https:\/\/test.biarritzsportsretraite.fr\/?page_id=1310"},"modified":"2024-09-08T22:10:55","modified_gmt":"2024-09-08T20:10:55","slug":"adhesion","status":"publish","type":"page","link":"https:\/\/test.biarritzsportsretraite.fr\/index.php\/adhesion\/","title":{"rendered":"Adh\u00e9sion"},"content":{"rendered":"\t\t<div data-elementor-type=\"wp-page\" data-elementor-id=\"1310\" class=\"elementor elementor-1310\">\n\t\t\t\t\t\t<section class=\"elementor-section elementor-top-section elementor-element elementor-element-14c08089 elementor-section-boxed elementor-section-height-default elementor-section-height-default\" data-id=\"14c08089\" data-element_type=\"section\" data-e-type=\"section\">\n\t\t\t\t\t\t<div class=\"elementor-container elementor-column-gap-default\">\n\t\t\t\t\t<div class=\"elementor-column elementor-col-100 elementor-top-column elementor-element elementor-element-26c98d92\" data-id=\"26c98d92\" data-element_type=\"column\" data-e-type=\"column\">\n\t\t\t<div class=\"elementor-widget-wrap elementor-element-populated\">\n\t\t\t\t\t\t<div class=\"elementor-element elementor-element-1ac9d4dc elementor-widget elementor-widget-text-editor\" data-id=\"1ac9d4dc\" data-element_type=\"widget\" data-e-type=\"widget\" data-widget_type=\"text-editor.default\">\n\t\t\t\t<div class=\"elementor-widget-container\">\n\t\t\t\t\t\t\t\t\t<p><\/p>\n<div class=\"is-layout-flex wp-container-core-columns-is-layout-2 wp-block-columns-is-layout-flex\">\n<p><\/p>\n<div class=\"is-layout-flow wp-block-column-is-layout-flow\" style=\"flex-basis: 100%;\">\n<p><\/p>\n<h3>\u00a0<\/h3>\n<h4 style=\"text-align: center;\"><span style=\"color: #000000;\"><span style=\"color: #223947;\">Les adh\u00e9sions <span style=\"color: #db1616;\">2024 \/ 2025 <span style=\"color: #223947;\">seront ouvertes<\/span> <span style=\"color: #223947;\">\u00e0 partir du\u00a0<\/span><\/span><\/span><\/span><span style=\"color: #ff0000;\">9 septembre 2024<\/span><span style=\"font-size: 1.25em; font-weight: bold;\">\u00a0.<\/span><\/h4>\n<h4 style=\"text-align: center;\">Des permanences sont assur\u00e9es <br \/>les Mardi 10 et Mercredi 11 sept de 9h \u00e0 12h et de 14h \u00e0 17h.<br \/>Bureau de BSR, Maison des Associations<\/h4>\n<h4 style=\"text-align: center;\">Les nouveaux randonneurs doivent imp\u00e9rativement rencontrer les animateurs lors de ces permanences pour pr\u00e9parer leur rando test\u00a0<\/h4>\n<p>\u00a0<\/p>\n<h3 style=\"text-align: center;\">\u00a0Adh\u00e9sion Cliquez <a href=\"https:\/\/form.jotform.com\/242323928961361\">&#8211;&gt; ici<\/a><\/h3>\n<h3>\u00a0<\/h3>\n<h3 style=\"text-align: center;\"><a href=\"https:\/\/test.biarritzsportsretraite.fr\/wp-content\/uploads\/2024\/07\/Horaires-et-tarifs-des-activites.pdf\"><span style=\"color: #db1616;\">Fiche Tarifs 2024\/2025<\/span><\/a><\/h3>\n<div>\n<h3 style=\"font-style: normal; font-variant-ligatures: normal; font-variant-caps: normal; font-family: 'Open Sans', sans-serif; text-align: center;\"><a href=\"https:\/\/test.biarritzsportsretraite.fr\/index.php\/daterepriseactivites\/\"><span style=\"color: #ff0000;\">Date de d\u00e9but des activit\u00e9s<\/span><\/a><\/h3>\n<div>\n<h3 style=\"font-style: normal; font-variant-ligatures: normal; font-variant-caps: normal; font-family: 'Open Sans', sans-serif; text-align: center;\"><a href=\"https:\/\/test.biarritzsportsretraite.fr\/wp-content\/uploads\/2024\/07\/Planning-activites-2024-2025.pdf\">Planning\u00a0des activit\u00e9s<\/a><\/h3>\n<\/div>\n<\/div>\n<h3 style=\"text-align: center;\"><a href=\"https:\/\/test.biarritzsportsretraite.fr\/wp-content\/uploads\/2024\/08\/Cert-med-FFR-autres-activites-24-25.pdf\"><span style=\"color: #ff0000;\">Certificat de\u00a0 non contre indication \u00e0 la pratique du sport.<\/span><\/a> <span style=\"color: #223947;\"><span style=\"color: #223947;\"><span style=\"color: #db1616;\">*<\/span><\/span><\/span><\/h3>\n<h3 style=\"text-align: center;\"><span style=\"color: #223947;\"><span style=\"color: #223947;\"><span style=\"color: #223947;\"><a href=\"https:\/\/test.biarritzsportsretraite.fr\/wp-content\/uploads\/2022\/12\/Reglement-interieur-BSR-VDEF.pdf\" target=\"_blank\" rel=\"noopener\"><span style=\"color: #223947;\">R\u00e8glement Int\u00e9rieur<\/span><\/a>\u00a0<\/span><\/span><\/span><\/h3>\n<h3 style=\"text-align: center;\"><a href=\"https:\/\/test.biarritzsportsretraite.fr\/wp-content\/uploads\/2021\/07\/LA-CHARTE-adherents-2020-2021.pdf\"><span style=\"color: #223947;\">Charte de l&rsquo;adh\u00e9rent<\/span><\/a><\/h3>\n<p>\u00a0<\/p>\n<h4 style=\"text-align: center;\"><span style=\"color: #223947;\">\u00a0 \u00a0 \u00a0\u00a0<span style=\"color: #db1616;\"> *<\/span> Votre inscription ne sera effective, qu&rsquo;avec un dossier \u00ab\u00a0complet\u00a0\u00bb,<br \/><\/span><span style=\"color: #223947;\">\u00a0 \u00a0 \u00a0 \u00a0 comprenant tous les documents n\u00e9cessaires renseign\u00e9s et sign\u00e9s\u00a0<\/span><\/h4>\n<p>\u00a0<\/p>\n<p><\/p>\n<p><\/p>\n<\/div>\n<p>\u00a0<\/p>\n<\/div>\n<p><\/p>\t\t\t\t\t\t\t\t<\/div>\n\t\t\t\t<\/div>\n\t\t\t\t\t<\/div>\n\t\t<\/div>\n\t\t\t\t\t<\/div>\n\t\t<\/section>\n\t\t\t\t<\/div>\n\t\t","protected":false},"excerpt":{"rendered":"<p>\u00a0 Les adh\u00e9sions 2024 \/ 2025 seront ouvertes \u00e0 partir du\u00a09 septembre 2024\u00a0. Des permanences sont assur\u00e9es les Mardi 10 et Mercredi 11 sept de 9h \u00e0 12h et de 14h \u00e0 17h.Bureau de BSR, Maison des Associations Les nouveaux randonneurs doivent imp\u00e9rativement rencontrer les animateurs lors de ces permanences pour pr\u00e9parer leur rando test\u00a0 \u00a0 \u00a0Adh\u00e9sion Cliquez &#8211;&gt; ici \u00a0 Fiche Tarifs 2024\/2025 Date de d\u00e9but des activit\u00e9s Planning\u00a0des activit\u00e9s Certificat de\u00a0 non contre indication \u00e0 la pratique du<\/p>\n","protected":false},"author":5,"featured_media":0,"parent":0,"menu_order":0,"comment_status":"closed","ping_status":"closed","template":"","meta":{"_seopress_robots_primary_cat":"","_seopress_titles_title":"","_seopress_titles_desc":"","_seopress_robots_index":"","footnotes":""},"class_list":["post-1310","page","type-page","status-publish","hentry"],"_links":{"self":[{"href":"https:\/\/test.biarritzsportsretraite.fr\/index.php\/wp-json\/wp\/v2\/pages\/1310","targetHints":{"allow":["GET"]}}],"collection":[{"href":"https:\/\/test.biarritzsportsretraite.fr\/index.php\/wp-json\/wp\/v2\/pages"}],"about":[{"href":"https:\/\/test.biarritzsportsretraite.fr\/index.php\/wp-json\/wp\/v2\/types\/page"}],"author":[{"embeddable":true,"href":"https:\/\/test.biarritzsportsretraite.fr\/index.php\/wp-json\/wp\/v2\/users\/5"}],"replies":[{"embeddable":true,"href":"https:\/\/test.biarritzsportsretraite.fr\/index.php\/wp-json\/wp\/v2\/comments?post=1310"}],"version-history":[{"count":315,"href":"https:\/\/test.biarritzsportsretraite.fr\/index.php\/wp-json\/wp\/v2\/pages\/1310\/revisions"}],"predecessor-version":[{"id":9808,"href":"https:\/\/test.biarritzsportsretraite.fr\/index.php\/wp-json\/wp\/v2\/pages\/1310\/revisions\/9808"}],"wp:attachment":[{"href":"https:\/\/test.biarritzsportsretraite.fr\/index.php\/wp-json\/wp\/v2\/media?parent=1310"}],"curies":[{"name":"wp","href":"https:\/\/api.w.org\/{rel}","templated":true}]}}