{"id":5019,"date":"2021-06-10T12:32:52","date_gmt":"2021-06-10T10:32:52","guid":{"rendered":"https:\/\/test.biarritzsportsretraite.fr\/?page_id=5019"},"modified":"2024-07-17T17:22:18","modified_gmt":"2024-07-17T15:22:18","slug":"aquagym-2","status":"publish","type":"page","link":"https:\/\/test.biarritzsportsretraite.fr\/index.php\/aquagym-2\/","title":{"rendered":"Aquagym"},"content":{"rendered":"\t\t<div data-elementor-type=\"wp-page\" data-elementor-id=\"5019\" class=\"elementor elementor-5019\">\n\t\t\t\t<div class=\"elementor-element elementor-element-182d907 e-flex e-con-boxed e-con e-parent\" data-id=\"182d907\" data-element_type=\"container\" data-e-type=\"container\">\n\t\t\t\t\t<div class=\"e-con-inner\">\n\t\t<div class=\"elementor-element elementor-element-bae8679 e-con-full e-flex e-con e-child\" data-id=\"bae8679\" data-element_type=\"container\" data-e-type=\"container\">\n\t\t\t\t<div class=\"elementor-element elementor-element-21b76f0 elementor-widget elementor-widget-image\" data-id=\"21b76f0\" data-element_type=\"widget\" data-e-type=\"widget\" data-widget_type=\"image.default\">\n\t\t\t\t<div class=\"elementor-widget-container\">\n\t\t\t\t\t\t\t\t\t\t\t\t<figure class=\"wp-caption\">\n\t\t\t\t\t\t\t\t\t\t<img decoding=\"async\" src=\"https:\/\/test.biarritzsportsretraite.fr\/wp-content\/uploads\/elementor\/thumbs\/Aquagym-V2-1-scaled-qwdd3xiq1imsx5y7zz2cen3nyn8eneqb9wtrv2alw0.jpg\" title=\"Aquagym V2\" alt=\"Aquagym V2\" loading=\"lazy\" \/>\t\t\t\t\t\t\t\t\t\t\t<figcaption class=\"widget-image-caption wp-caption-text\">BIARRITZ SPORTS RETRAITE<\/figcaption>\n\t\t\t\t\t\t\t\t\t\t<\/figure>\n\t\t\t\t\t\t\t\t\t<\/div>\n\t\t\t\t<\/div>\n\t\t\t\t<\/div>\n\t\t\t\t\t<\/div>\n\t\t\t\t<\/div>\n\t\t<div class=\"elementor-element elementor-element-b3de685 e-flex e-con-boxed e-con e-parent\" data-id=\"b3de685\" data-element_type=\"container\" data-e-type=\"container\">\n\t\t\t\t\t<div class=\"e-con-inner\">\n\t\t<div class=\"elementor-element elementor-element-a23e346 e-con-full e-flex e-con e-child\" data-id=\"a23e346\" data-element_type=\"container\" data-e-type=\"container\">\n\t\t\t\t<div class=\"elementor-element elementor-element-a6b4bf6 elementor-widget elementor-widget-text-editor\" data-id=\"a6b4bf6\" data-element_type=\"widget\" data-e-type=\"widget\" data-widget_type=\"text-editor.default\">\n\t\t\t\t<div class=\"elementor-widget-container\">\n\t\t\t\t\t\t\t\t\t<p style=\"text-align: center;\">\u00a0\u00a0\u00a0 <span style=\"color: #223947;\">L\u2019eau, ce fluide de plaisir, offre une sensation de bien-\u00eatre, de l\u00e9g\u00e8ret\u00e9 et permet de faire des efforts\u00a0 \u00ab sans avoir l\u2019air \u00bb, sans danger pour les articulations.<\/span><\/p><p style=\"text-align: center;\"><strong><span style=\"color: #223947;\">Piscine Municipale <\/span><\/strong><span style=\"color: #223947;\"><strong>Emile Lamothe<\/strong> <\/span><\/p><p style=\"text-align: center;\"><span style=\"color: #223947;\">Bd du G\u00e9n\u00e9ral de Gaulle \u00e0 Biarritz.<\/span><\/p><p style=\"text-align: center;\"><span style=\"color: #223947;\">\u00a0<\/span><\/p><p style=\"text-align: center;\"><span style=\"color: #223947;\"><strong>Professeur<\/strong>: P Lafargue<\/span><\/p><p style=\"text-align: center;\"><strong><span style=\"color: #223947;\">Mardi :<\/span> <span style=\"color: #db1616;\">11h30-12h30<\/span>\u00a0<\/strong><\/p><p style=\"text-align: center;\"><span style=\"color: #223947;\"><strong>Vendredi :<\/strong><\/span> <strong><span style=\"color: #db1616;\">11h30-12h30<\/span><\/strong><\/p><p style=\"text-align: center;\"><span style=\"color: #223947;\">Bonnet de bain obligatoire et port de lunettes fortement recommand\u00e9s.<\/span><\/p><p style=\"text-align: center;\"><span style=\"color: #223947;\"> L\u2019activit\u00e9 est assur\u00e9e par des professionnels en raison de la r\u00e9glementation concernant les piscines et n\u2019a pas lieu durant les vacances scolaires.<br \/><\/span><\/p><p style=\"text-align: center;\"><strong><span style=\"color: #223947;\">R\u00e9f\u00e9rentes :<\/span><\/strong><\/p><p style=\"text-align: center;\"><span style=\"color: #223947;\">\u00a0\u00a0\u00a0\u00a0<strong> Mardi :<\/strong> Eliane Girard-Le-Ven<\/span><\/p><p style=\"text-align: center;\"><span style=\"color: #223947;\"><strong>Vendredi :<\/strong> Catherine Chamberlin Sourgen<\/span><\/p><p style=\"text-align: center;\"><span style=\"color: #ff0000;\">NB : Cette activit\u00e9 n&rsquo;aura lieu que du 9 septembre 2024 au 28 janvier 2025 car la piscine sera ensuite ferm\u00e9e pour travaux<\/span><\/p>\t\t\t\t\t\t\t\t<\/div>\n\t\t\t\t<\/div>\n\t\t\t\t<\/div>\n\t\t\t\t\t<\/div>\n\t\t\t\t<\/div>\n\t\t\t\t<\/div>\n\t\t","protected":false},"excerpt":{"rendered":"<p>BIARRITZ SPORTS RETRAITE \u00a0\u00a0\u00a0 L\u2019eau, ce fluide de plaisir, offre une sensation de bien-\u00eatre, de l\u00e9g\u00e8ret\u00e9 et permet de faire des efforts\u00a0 \u00ab sans avoir l\u2019air \u00bb, sans danger pour les articulations. Piscine Municipale Emile Lamothe Bd du G\u00e9n\u00e9ral de Gaulle \u00e0 Biarritz. \u00a0 Professeur: P Lafargue Mardi : 11h30-12h30\u00a0 Vendredi : 11h30-12h30 Bonnet de bain obligatoire et port de lunettes fortement recommand\u00e9s. L\u2019activit\u00e9 est assur\u00e9e par des professionnels en raison de la r\u00e9glementation concernant les piscines et n\u2019a pas<\/p>\n","protected":false},"author":5,"featured_media":0,"parent":0,"menu_order":0,"comment_status":"closed","ping_status":"closed","template":"","meta":{"_seopress_robots_primary_cat":"","_seopress_titles_title":"","_seopress_titles_desc":"","_seopress_robots_index":"","footnotes":""},"class_list":["post-5019","page","type-page","status-publish","hentry"],"_links":{"self":[{"href":"https:\/\/test.biarritzsportsretraite.fr\/index.php\/wp-json\/wp\/v2\/pages\/5019","targetHints":{"allow":["GET"]}}],"collection":[{"href":"https:\/\/test.biarritzsportsretraite.fr\/index.php\/wp-json\/wp\/v2\/pages"}],"about":[{"href":"https:\/\/test.biarritzsportsretraite.fr\/index.php\/wp-json\/wp\/v2\/types\/page"}],"author":[{"embeddable":true,"href":"https:\/\/test.biarritzsportsretraite.fr\/index.php\/wp-json\/wp\/v2\/users\/5"}],"replies":[{"embeddable":true,"href":"https:\/\/test.biarritzsportsretraite.fr\/index.php\/wp-json\/wp\/v2\/comments?post=5019"}],"version-history":[{"count":87,"href":"https:\/\/test.biarritzsportsretraite.fr\/index.php\/wp-json\/wp\/v2\/pages\/5019\/revisions"}],"predecessor-version":[{"id":9522,"href":"https:\/\/test.biarritzsportsretraite.fr\/index.php\/wp-json\/wp\/v2\/pages\/5019\/revisions\/9522"}],"wp:attachment":[{"href":"https:\/\/test.biarritzsportsretraite.fr\/index.php\/wp-json\/wp\/v2\/media?parent=5019"}],"curies":[{"name":"wp","href":"https:\/\/api.w.org\/{rel}","templated":true}]}}