{"id":7507,"date":"2022-09-14T06:09:46","date_gmt":"2022-09-14T04:09:46","guid":{"rendered":"https:\/\/test.biarritzsportsretraite.fr\/?page_id=7507"},"modified":"2024-08-10T17:01:40","modified_gmt":"2024-08-10T15:01:40","slug":"marche-douce","status":"publish","type":"page","link":"https:\/\/test.biarritzsportsretraite.fr\/index.php\/marche-douce\/","title":{"rendered":"Marche en Plaine"},"content":{"rendered":"\t\t<div data-elementor-type=\"wp-page\" data-elementor-id=\"7507\" class=\"elementor elementor-7507\">\n\t\t\t\t\t\t<section class=\"elementor-section elementor-top-section elementor-element elementor-element-02ea852 elementor-section-boxed elementor-section-height-default elementor-section-height-default\" data-id=\"02ea852\" data-element_type=\"section\" data-e-type=\"section\">\n\t\t\t\t\t\t<div class=\"elementor-container elementor-column-gap-default\">\n\t\t\t\t\t<div class=\"elementor-column elementor-col-100 elementor-top-column elementor-element elementor-element-4eda3da\" data-id=\"4eda3da\" data-element_type=\"column\" data-e-type=\"column\">\n\t\t\t<div class=\"elementor-widget-wrap elementor-element-populated\">\n\t\t\t\t\t\t<div class=\"elementor-element elementor-element-13e2faf elementor-widget elementor-widget-image\" data-id=\"13e2faf\" data-element_type=\"widget\" data-e-type=\"widget\" data-widget_type=\"image.default\">\n\t\t\t\t<div class=\"elementor-widget-container\">\n\t\t\t\t\t\t\t\t\t\t\t\t\t\t\t<img decoding=\"async\" src=\"https:\/\/test.biarritzsportsretraite.fr\/wp-content\/uploads\/elementor\/thumbs\/BSR-site-Marche-Douce-scaled-e1723367931958-qwdd3xirvatqkguysdpbuba7pkry9zjhecgg3n9xgg.jpg\" title=\"BSR site Marche Plaine\" alt=\"BSR site Marche Plaine\" loading=\"lazy\" \/>\t\t\t\t\t\t\t\t\t\t\t\t\t\t\t<\/div>\n\t\t\t\t<\/div>\n\t\t\t\t\t<\/div>\n\t\t<\/div>\n\t\t\t\t\t<\/div>\n\t\t<\/section>\n\t\t<div class=\"elementor-element elementor-element-d50ea4e e-flex e-con-boxed e-con e-parent\" data-id=\"d50ea4e\" data-element_type=\"container\" data-e-type=\"container\">\n\t\t\t\t\t<div class=\"e-con-inner\">\n\t\t<div class=\"elementor-element elementor-element-f42e501 e-con-full e-flex e-con e-child\" data-id=\"f42e501\" data-element_type=\"container\" data-e-type=\"container\">\n\t\t\t\t<div class=\"elementor-element elementor-element-9af3857 elementor-widget elementor-widget-text-editor\" data-id=\"9af3857\" data-element_type=\"widget\" data-e-type=\"widget\" data-widget_type=\"text-editor.default\">\n\t\t\t\t<div class=\"elementor-widget-container\">\n\t\t\t\t\t\t\t\t\t<p style=\"font-style: normal; font-variant-ligatures: normal; font-variant-caps: normal; font-weight: 600; font-size: 19px; font-family: 'Open Sans', sans-serif; color: #223947;\"><span style=\"font-weight: bold;\"><span lang=\"FR\" style=\"font-size: 16pt; line-height: 24.5333px; font-family: Arial, sans-serif; background-image: initial; background-position: initial; background-size: initial; background-repeat: initial; background-attachment: initial; background-origin: initial; background-clip: initial;\">La\u00a0marche\u00a0 en Plaine est une nouvelle activit\u00e9 de sortie \u00e0 la journ\u00e9e( pique-nique), avec peu de d\u00e9nivel\u00e9 pour d\u00e9couvrir des chemins de notre r\u00e9gion<\/span><\/span><\/p><p style=\"font-style: normal; font-variant-ligatures: normal; font-variant-caps: normal; font-weight: 600; font-size: 19px; font-family: 'Open Sans', sans-serif; color: #223947;\"><span style=\"text-align: center;\"><span style=\"font-family: Arial, sans-serif;\"><span style=\"font-size: 21.3333px;\">\u00a0 \u00a0 \u00a0 \u00a0 \u00a0 \u00a0 \u00a0 \u00a0 \u00a0 \u00a0 \u00a0 \u00a0 \u00a0 \u00a0 \u00a0 \u00a0 \u00a0 \u00a0 \u00a0<\/span><\/span>Venez nous rejoindre.<\/span><\/p><div style=\"font-style: normal; font-variant-ligatures: normal; font-variant-caps: normal; font-weight: 600; font-size: 19px; font-family: 'Open Sans', sans-serif; color: #223947; text-align: center;\">\u00a0Lieu de RDV selon planning RdV le Lundi \u00e0 9H30<br \/><span style=\"font-weight: bold;\">Animatrice :\u00a0 C. Ca<span style=\"font-size: 0.95em;\">det<\/span><\/span><\/div>\t\t\t\t\t\t\t\t<\/div>\n\t\t\t\t<\/div>\n\t\t\t\t<\/div>\n\t\t\t\t\t<\/div>\n\t\t\t\t<\/div>\n\t\t<div class=\"elementor-element elementor-element-c480e95 e-flex e-con-boxed e-con e-parent\" data-id=\"c480e95\" data-element_type=\"container\" data-e-type=\"container\">\n\t\t\t\t\t<div class=\"e-con-inner\">\n\t\t<div class=\"elementor-element elementor-element-04687eb e-con-full e-flex e-con e-child\" data-id=\"04687eb\" data-element_type=\"container\" data-e-type=\"container\">\n\t\t\t\t<div class=\"elementor-element elementor-element-2a5f2bd elementor-align-center elementor-widget elementor-widget-button\" data-id=\"2a5f2bd\" data-element_type=\"widget\" data-e-type=\"widget\" data-widget_type=\"button.default\">\n\t\t\t\t<div class=\"elementor-widget-container\">\n\t\t\t\t\t\t\t\t\t<div class=\"elementor-button-wrapper\">\n\t\t\t\t\t<a class=\"elementor-button elementor-button-link elementor-size-sm\" href=\"https:\/\/test.biarritzsportsretraite.fr\/wp-content\/uploads\/2023\/05\/Programme-RANDOS-BSR-juin-2023-a1.pdf\" target=\"_blank\">\n\t\t\t\t\t\t<span class=\"elementor-button-content-wrapper\">\n\t\t\t\t\t\t\t\t\t<span class=\"elementor-button-text\">Programme de Juin 2023<\/span>\n\t\t\t\t\t<\/span>\n\t\t\t\t\t<\/a>\n\t\t\t\t<\/div>\n\t\t\t\t\t\t\t\t<\/div>\n\t\t\t\t<\/div>\n\t\t\t\t<\/div>\n\t\t\t\t\t<\/div>\n\t\t\t\t<\/div>\n\t\t\t\t<\/div>\n\t\t","protected":false},"excerpt":{"rendered":"<p>La\u00a0marche\u00a0 en Plaine est une nouvelle activit\u00e9 de sortie \u00e0 la journ\u00e9e( pique-nique), avec peu de d\u00e9nivel\u00e9 pour d\u00e9couvrir des chemins de notre r\u00e9gion \u00a0 \u00a0 \u00a0 \u00a0 \u00a0 \u00a0 \u00a0 \u00a0 \u00a0 \u00a0 \u00a0 \u00a0 \u00a0 \u00a0 \u00a0 \u00a0 \u00a0 \u00a0 \u00a0Venez nous rejoindre. \u00a0Lieu de RDV selon planning RdV le Lundi \u00e0 9H30Animatrice :\u00a0 C. Cadet Programme de Juin 2023<\/p>\n","protected":false},"author":5,"featured_media":0,"parent":0,"menu_order":0,"comment_status":"closed","ping_status":"closed","template":"","meta":{"_seopress_robots_primary_cat":"","_seopress_titles_title":"","_seopress_titles_desc":"","_seopress_robots_index":"","footnotes":""},"class_list":["post-7507","page","type-page","status-publish","hentry"],"_links":{"self":[{"href":"https:\/\/test.biarritzsportsretraite.fr\/index.php\/wp-json\/wp\/v2\/pages\/7507","targetHints":{"allow":["GET"]}}],"collection":[{"href":"https:\/\/test.biarritzsportsretraite.fr\/index.php\/wp-json\/wp\/v2\/pages"}],"about":[{"href":"https:\/\/test.biarritzsportsretraite.fr\/index.php\/wp-json\/wp\/v2\/types\/page"}],"author":[{"embeddable":true,"href":"https:\/\/test.biarritzsportsretraite.fr\/index.php\/wp-json\/wp\/v2\/users\/5"}],"replies":[{"embeddable":true,"href":"https:\/\/test.biarritzsportsretraite.fr\/index.php\/wp-json\/wp\/v2\/comments?post=7507"}],"version-history":[{"count":55,"href":"https:\/\/test.biarritzsportsretraite.fr\/index.php\/wp-json\/wp\/v2\/pages\/7507\/revisions"}],"predecessor-version":[{"id":9605,"href":"https:\/\/test.biarritzsportsretraite.fr\/index.php\/wp-json\/wp\/v2\/pages\/7507\/revisions\/9605"}],"wp:attachment":[{"href":"https:\/\/test.biarritzsportsretraite.fr\/index.php\/wp-json\/wp\/v2\/media?parent=7507"}],"curies":[{"name":"wp","href":"https:\/\/api.w.org\/{rel}","templated":true}]}}