{"id":9417,"date":"2024-07-11T18:17:25","date_gmt":"2024-07-11T16:17:25","guid":{"rendered":"https:\/\/test.biarritzsportsretraite.fr\/?page_id=9417"},"modified":"2024-07-11T18:21:36","modified_gmt":"2024-07-11T16:21:36","slug":"fete-bsr-2024","status":"publish","type":"page","link":"https:\/\/test.biarritzsportsretraite.fr\/index.php\/fete-bsr-2024\/","title":{"rendered":"F\u00eate BSR 2024"},"content":{"rendered":"\t\t<div data-elementor-type=\"wp-page\" data-elementor-id=\"9417\" class=\"elementor elementor-9417\">\n\t\t\t\t<div class=\"elementor-element elementor-element-d93302f e-flex e-con-boxed e-con e-parent\" data-id=\"d93302f\" data-element_type=\"container\" data-e-type=\"container\">\n\t\t\t\t\t<div class=\"e-con-inner\">\n\t\t\t\t<div class=\"elementor-element elementor-element-c906479 elementor-widget elementor-widget-heading\" data-id=\"c906479\" data-element_type=\"widget\" data-e-type=\"widget\" data-widget_type=\"heading.default\">\n\t\t\t\t<div class=\"elementor-widget-container\">\n\t\t\t\t\t<h2 class=\"elementor-heading-title elementor-size-default\">F\u00eate BSR 2024<\/h2>\t\t\t\t<\/div>\n\t\t\t\t<\/div>\n\t\t\t\t<div class=\"elementor-element elementor-element-a7085e9 elementor-widget elementor-widget-text-editor\" data-id=\"a7085e9\" data-element_type=\"widget\" data-e-type=\"widget\" data-widget_type=\"text-editor.default\">\n\t\t\t\t<div class=\"elementor-widget-container\">\n\t\t\t\t\t\t\t\t\t<ul>\n<li><strong>La f\u00eate annuelle de BSR, sur le th\u00e8me du Carnaval, a eu lieu le 14 f\u00e9vrier. Sous un soleil radieux, les participants (pr\u00e8s de 200) sont arriv\u00e9s magnifiquement d\u00e9guis\u00e9s.<\/strong><strong style=\"color: var( --e-global-color-text ); text-align: var(--text-align);\">&nbsp;<\/strong><\/li>\n<\/ul>\n<p><strong style=\"color: var( --e-global-color-text ); text-align: var(--text-align);\">Les costumes \u00e9taient eux-m\u00eames un spectacle. Un superbe clown les a accueillis pour immortaliser leur pr\u00e9sence.<\/strong><\/p>\n<p><b><br><\/b><strong>Le spectacle a \u00e9t\u00e9 lanc\u00e9 par notre pr\u00e9sentateur attitr\u00e9 qui nous a fait d\u00e9couvrir sa tenue de sc\u00e8ne d\u2019une fa\u00e7on originale.<\/strong><\/p>\n<p><b><br><\/b><strong>Diff\u00e9rents groupes avaient cr\u00e9\u00e9, pr\u00e9par\u00e9 et r\u00e9p\u00e9t\u00e9 leurs prestations dans le plus grand secret.<\/strong><\/p>\n<p><b><br><\/b><strong>La Clef des Chants a lanc\u00e9 le programme en interpr\u00e9tant \u00ab Si tu vas \u00e0 Rio \u00bb, \u00ab Hachito Torito \u00bb et le carnaval argentin \u00ab Elhumahuaqueno \u00bb.<\/strong><\/p>\n<p><b><br><\/b><strong>Puis nous avons commenc\u00e9 notre tour du monde :<\/strong><\/p>\n<p><b>&nbsp;<\/b><\/p>\n<h2><strong>&#8211; La Clef des Chants nous a mis dans une ambiance br\u00e9silienne en chantant la \u00ab Carioca \u00bb dans\u00e9e par les groupes Baigura et Jara.<br><\/strong><strong>&#8211; Garalda nous a fait d\u00e9couvrir le carnaval de Dunkerque<br><\/strong><strong>&#8211; Les golfeurs nous ont \u00e9pat\u00e9s avec leur danse inspir\u00e9e de l\u2019Irlande<br><\/strong><strong>&#8211; Avec Jara, Iguski et Baigura nos avons continu\u00e9 notre voyage avec une samba br\u00e9silienne et le groupe Country a dans\u00e9 \u00ab La Cumba Semana \u00bb.<br><\/strong><strong>&#8211; Baigura a c\u00e9l\u00e9br\u00e9 la danse et l\u2019amour avec le Carnaval des Timides<br><\/strong><strong>&#8211; Puis nous sommes revenus au Pays Basque avec le Mutxiko.<\/strong><\/h2>\n<div><strong>&nbsp;<\/strong><\/div>\n<p><strong>Le spectacle s\u2019est termin\u00e9 par une brillante d\u00e9monstration de flamenco par Jean-Pierre ALVAREZ.<\/strong><\/p>\n<p><b><br><\/b><strong>Enfin ce fut le moment tant attendu de la d\u00e9gustation des galettes et des couronnes accompagn\u00e9es de cidre et de cr\u00e9mant.<\/strong><\/p>\n<p><b><br><\/b><strong>L\u2019apr\u00e8s-midi s\u2019est poursuivie avec une initiation \u00e0 la Country ouverte \u00e0 tous et l\u2019animation musicale assur\u00e9e par l\u2019orchestre de GERARD LUC<\/strong><\/p>\n<p><b><br><\/b><strong>Cette f\u00eate joyeuse a r\u00e9uni tous les adh\u00e9rents dans une ambiance festive, promettant de se renouveler l&rsquo;ann\u00e9e prochaine.<\/strong><\/p>\t\t\t\t\t\t\t\t<\/div>\n\t\t\t\t<\/div>\n\t\t\t\t\t<\/div>\n\t\t\t\t<\/div>\n\t\t<div class=\"elementor-element elementor-element-daf6207 e-con-full e-flex e-con e-parent\" data-id=\"daf6207\" data-element_type=\"container\" data-e-type=\"container\">\n\t\t\t\t<div class=\"elementor-element elementor-element-03f7fd4 elementor-widget elementor-widget-button\" data-id=\"03f7fd4\" data-element_type=\"widget\" data-e-type=\"widget\" data-widget_type=\"button.default\">\n\t\t\t\t<div class=\"elementor-widget-container\">\n\t\t\t\t\t\t\t\t\t<div class=\"elementor-button-wrapper\">\n\t\t\t\t\t<a class=\"elementor-button elementor-button-link elementor-size-lg\" href=\"https:\/\/photos.app.goo.gl\/Hidgfhdp3vYM2dg5A\">\n\t\t\t\t\t\t<span class=\"elementor-button-content-wrapper\">\n\t\t\t\t\t\t\t\t\t<span class=\"elementor-button-text\">Les photos<\/span>\n\t\t\t\t\t<\/span>\n\t\t\t\t\t<\/a>\n\t\t\t\t<\/div>\n\t\t\t\t\t\t\t\t<\/div>\n\t\t\t\t<\/div>\n\t\t\t\t<div class=\"elementor-element elementor-element-b13344d elementor-widget elementor-widget-button\" data-id=\"b13344d\" data-element_type=\"widget\" data-e-type=\"widget\" data-widget_type=\"button.default\">\n\t\t\t\t<div class=\"elementor-widget-container\">\n\t\t\t\t\t\t\t\t\t<div class=\"elementor-button-wrapper\">\n\t\t\t\t\t<a class=\"elementor-button elementor-button-link elementor-size-lg\" href=\"https:\/\/photos.app.goo.gl\/yPJYu5enffJCAYHL7\">\n\t\t\t\t\t\t<span class=\"elementor-button-content-wrapper\">\n\t\t\t\t\t\t\t\t\t<span class=\"elementor-button-text\">Les vid\u00e9os<\/span>\n\t\t\t\t\t<\/span>\n\t\t\t\t\t<\/a>\n\t\t\t\t<\/div>\n\t\t\t\t\t\t\t\t<\/div>\n\t\t\t\t<\/div>\n\t\t\t\t<\/div>\n\t\t\t\t<\/div>\n\t\t","protected":false},"excerpt":{"rendered":"<p>F\u00eate BSR 2024 La f\u00eate annuelle de BSR, sur le th\u00e8me du Carnaval, a eu lieu le 14 f\u00e9vrier. Sous un soleil radieux, les participants (pr\u00e8s de 200) sont arriv\u00e9s magnifiquement d\u00e9guis\u00e9s.&nbsp; Les costumes \u00e9taient eux-m\u00eames un spectacle. Un superbe clown les a accueillis pour immortaliser leur pr\u00e9sence. Le spectacle a \u00e9t\u00e9 lanc\u00e9 par notre pr\u00e9sentateur attitr\u00e9 qui nous a fait d\u00e9couvrir sa tenue de sc\u00e8ne d\u2019une fa\u00e7on originale. Diff\u00e9rents groupes avaient cr\u00e9\u00e9, pr\u00e9par\u00e9 et r\u00e9p\u00e9t\u00e9 leurs prestations dans le<\/p>\n","protected":false},"author":5,"featured_media":0,"parent":0,"menu_order":0,"comment_status":"closed","ping_status":"closed","template":"elementor_header_footer","meta":{"_seopress_robots_primary_cat":"","_seopress_titles_title":"","_seopress_titles_desc":"","_seopress_robots_index":"","footnotes":""},"class_list":["post-9417","page","type-page","status-publish","hentry"],"_links":{"self":[{"href":"https:\/\/test.biarritzsportsretraite.fr\/index.php\/wp-json\/wp\/v2\/pages\/9417","targetHints":{"allow":["GET"]}}],"collection":[{"href":"https:\/\/test.biarritzsportsretraite.fr\/index.php\/wp-json\/wp\/v2\/pages"}],"about":[{"href":"https:\/\/test.biarritzsportsretraite.fr\/index.php\/wp-json\/wp\/v2\/types\/page"}],"author":[{"embeddable":true,"href":"https:\/\/test.biarritzsportsretraite.fr\/index.php\/wp-json\/wp\/v2\/users\/5"}],"replies":[{"embeddable":true,"href":"https:\/\/test.biarritzsportsretraite.fr\/index.php\/wp-json\/wp\/v2\/comments?post=9417"}],"version-history":[{"count":4,"href":"https:\/\/test.biarritzsportsretraite.fr\/index.php\/wp-json\/wp\/v2\/pages\/9417\/revisions"}],"predecessor-version":[{"id":9423,"href":"https:\/\/test.biarritzsportsretraite.fr\/index.php\/wp-json\/wp\/v2\/pages\/9417\/revisions\/9423"}],"wp:attachment":[{"href":"https:\/\/test.biarritzsportsretraite.fr\/index.php\/wp-json\/wp\/v2\/media?parent=9417"}],"curies":[{"name":"wp","href":"https:\/\/api.w.org\/{rel}","templated":true}]}}