{"id":9708,"date":"2024-08-23T14:09:23","date_gmt":"2024-08-23T12:09:23","guid":{"rendered":"https:\/\/test.biarritzsportsretraite.fr\/?page_id=9708"},"modified":"2024-08-23T15:11:06","modified_gmt":"2024-08-23T13:11:06","slug":"danse-country","status":"publish","type":"page","link":"https:\/\/test.biarritzsportsretraite.fr\/index.php\/danse-country\/","title":{"rendered":"Danse Country"},"content":{"rendered":"\t\t<div data-elementor-type=\"wp-page\" data-elementor-id=\"9708\" class=\"elementor elementor-9708\">\n\t\t\t\t<div class=\"elementor-element elementor-element-6425033 e-flex e-con-boxed e-con e-parent\" data-id=\"6425033\" data-element_type=\"container\" data-e-type=\"container\">\n\t\t\t\t\t<div class=\"e-con-inner\">\n\t\t\t\t<div class=\"elementor-element elementor-element-b37b34a elementor-widget elementor-widget-text-editor\" data-id=\"b37b34a\" data-element_type=\"widget\" data-e-type=\"widget\" data-widget_type=\"text-editor.default\">\n\t\t\t\t<div class=\"elementor-widget-container\">\n\t\t\t\t\t\t\t\t\t<p class=\"MsoNormal\"><span style=\"color: #000000;\"><strong><i><span style=\"font-size: 14.0pt; font-family: Chalkboard; mso-bidi-font-family: 'Times New Roman';\">BSR 2024-2025 <br \/>DANSE COUNTRY\u00a0: INFORMATION<\/span><\/i><\/strong><\/span><\/p><p class=\"MsoNormal\"><span style=\"color: #000000;\"><strong><i><span style=\"font-size: 14.0pt; font-family: Chalkboard; mso-bidi-font-family: 'Times New Roman';\">L\u2019activit\u00e9 COUNTRY ne figure plus parmi les activit\u00e9s de BSR.<br \/>Pour autant, elle continue d\u2019exister, de fa\u00e7on ind\u00e9pendante, et toujours anim\u00e9e<br \/>par Laurence Larzabal, le m\u00eame jour au m\u00eame horaire que l\u2019an pass\u00e9, \u00e0 la salle<br \/>du Braou.<\/span><\/i><\/strong><\/span><\/p><p class=\"MsoNormal\"><span style=\"color: #000000;\"><strong><i><span style=\"font-size: 14.0pt; font-family: Chalkboard; mso-bidi-font-family: 'Times New Roman';\">Lundi de 17h15 \u00e0 18h15 .<br \/>Contact\u00a0: Laurence Larzabal\u00a0: 06 72 13 86 53<\/span><\/i><\/strong><\/span><\/p><p class=\"MsoNormal\"><span style=\"color: #000000;\"><strong><i><span style=\"font-size: 14.0pt; font-family: Chalkboard; mso-bidi-font-family: 'Times New Roman';\">laurence.larzabal@sfr.fr<\/span><\/i><i><span style=\"font-size: 14.0pt; font-family: Chalkboard; mso-bidi-font-family: 'Times New Roman';\"><br \/><\/span><\/i><\/strong><\/span><b><i><span style=\"font-size: 14.0pt; font-family: Chalkboard; mso-bidi-font-family: 'Times New Roman';\"><br \/><\/span><\/i><\/b><\/p>\t\t\t\t\t\t\t\t<\/div>\n\t\t\t\t<\/div>\n\t\t\t\t\t<\/div>\n\t\t\t\t<\/div>\n\t\t\t\t<\/div>\n\t\t","protected":false},"excerpt":{"rendered":"<p>BSR 2024-2025 DANSE COUNTRY\u00a0: INFORMATION L\u2019activit\u00e9 COUNTRY ne figure plus parmi les activit\u00e9s de BSR.Pour autant, elle continue d\u2019exister, de fa\u00e7on ind\u00e9pendante, et toujours anim\u00e9epar Laurence Larzabal, le m\u00eame jour au m\u00eame horaire que l\u2019an pass\u00e9, \u00e0 la salledu Braou. Lundi de 17h15 \u00e0 18h15 .Contact\u00a0: Laurence Larzabal\u00a0: 06 72 13 86 53 laurence.larzabal@sfr.fr<\/p>\n","protected":false},"author":5,"featured_media":0,"parent":0,"menu_order":0,"comment_status":"closed","ping_status":"closed","template":"","meta":{"_seopress_robots_primary_cat":"","_seopress_titles_title":"","_seopress_titles_desc":"Pendant les s\u00e9ances de country nous pratiquons cette danse sur des musiques \"country\" ou plus actuelles. La danse se pratique en ligne ou en \"contra\" c'est \u00e0 dire en face \u00e0 face.\r\n\r\nElle fait travailler la m\u00e9moire et la coordination dans une ambiance d\u00e9contract\u00e9e.","_seopress_robots_index":"","footnotes":""},"class_list":["post-9708","page","type-page","status-publish","hentry"],"_links":{"self":[{"href":"https:\/\/test.biarritzsportsretraite.fr\/index.php\/wp-json\/wp\/v2\/pages\/9708","targetHints":{"allow":["GET"]}}],"collection":[{"href":"https:\/\/test.biarritzsportsretraite.fr\/index.php\/wp-json\/wp\/v2\/pages"}],"about":[{"href":"https:\/\/test.biarritzsportsretraite.fr\/index.php\/wp-json\/wp\/v2\/types\/page"}],"author":[{"embeddable":true,"href":"https:\/\/test.biarritzsportsretraite.fr\/index.php\/wp-json\/wp\/v2\/users\/5"}],"replies":[{"embeddable":true,"href":"https:\/\/test.biarritzsportsretraite.fr\/index.php\/wp-json\/wp\/v2\/comments?post=9708"}],"version-history":[{"count":4,"href":"https:\/\/test.biarritzsportsretraite.fr\/index.php\/wp-json\/wp\/v2\/pages\/9708\/revisions"}],"predecessor-version":[{"id":9718,"href":"https:\/\/test.biarritzsportsretraite.fr\/index.php\/wp-json\/wp\/v2\/pages\/9708\/revisions\/9718"}],"wp:attachment":[{"href":"https:\/\/test.biarritzsportsretraite.fr\/index.php\/wp-json\/wp\/v2\/media?parent=9708"}],"curies":[{"name":"wp","href":"https:\/\/api.w.org\/{rel}","templated":true}]}}