{"id":9752,"date":"2024-08-23T15:34:19","date_gmt":"2024-08-23T13:34:19","guid":{"rendered":"https:\/\/test.biarritzsportsretraite.fr\/?page_id=9752"},"modified":"2024-08-23T15:51:04","modified_gmt":"2024-08-23T13:51:04","slug":"daterepriseactivites","status":"publish","type":"page","link":"https:\/\/test.biarritzsportsretraite.fr\/index.php\/daterepriseactivites\/","title":{"rendered":"Date reprises d&rsquo;activit\u00e9s 2024-2025"},"content":{"rendered":"\t\t<div data-elementor-type=\"wp-page\" data-elementor-id=\"9752\" class=\"elementor elementor-9752\">\n\t\t\t\t<div class=\"elementor-element elementor-element-5ac1220 e-flex e-con-boxed e-con e-parent\" data-id=\"5ac1220\" data-element_type=\"container\" data-e-type=\"container\">\n\t\t\t\t\t<div class=\"e-con-inner\">\n\t\t\t\t<div class=\"elementor-element elementor-element-fa05470 elementor-widget elementor-widget-text-editor\" data-id=\"fa05470\" data-element_type=\"widget\" data-e-type=\"widget\" data-widget_type=\"text-editor.default\">\n\t\t\t\t<div class=\"elementor-widget-container\">\n\t\t\t\t\t\t\t\t\t<p>\u00a0<\/p><p><span style=\"color: #000000;\"><strong>\u00a0<\/strong><\/span><\/p><table><tbody><tr><td width=\"283\"><p><span style=\"color: #000000;\"><strong>ACTIVITES<\/strong><\/span><\/p><\/td><td width=\"94\"><p><span style=\"color: #000000;\"><strong>DATE<\/strong><\/span><\/p><\/td><td width=\"331\"><p><span style=\"color: #000000;\"><strong>LIEU<\/strong><\/span><\/p><\/td><\/tr><tr><td width=\"283\"><p><span style=\"color: #000000;\">AQUAGYM -MARDI<\/span><\/p><\/td><td width=\"94\"><p><span style=\"color: #000000;\">10\/09\/2024<\/span><\/p><\/td><td width=\"331\"><p><span style=\"color: #000000;\">Piscine municipale Emile LAMOTHE-Bd du Gal de Gaule BIARRITZ<\/span><\/p><\/td><\/tr><tr><td width=\"283\"><p><span style=\"color: #000000;\">AQUAGYM-VENDREDI<\/span><\/p><\/td><td width=\"94\"><p><span style=\"color: #000000;\">13\/09\/2024<\/span><\/p><\/td><td width=\"331\"><p><span style=\"color: #000000;\">Acc\u00e8s par la porte r\u00e9serv\u00e9e aux associations, \u00e0 c\u00f4t\u00e9 du poste de secours de la Grande Plage.<\/span><\/p><\/td><\/tr><tr><td width=\"283\"><p><span style=\"color: #000000;\">ATELIER CHANTS<\/span><\/p><\/td><td width=\"94\"><p><span style=\"color: #000000;\">01\/10\/2024<\/span><\/p><\/td><td width=\"331\"><p><span style=\"color: #000000;\">Salle Saint Martin\u00a0:4 rue Saint Martin BIARRITZ<\/span><\/p><\/td><\/tr><tr><td width=\"283\"><p><span style=\"color: #000000;\">DANSES BASQUES-MUTXIKO<\/span><\/p><\/td><td width=\"94\"><p><span style=\"color: #000000;\">01\/10\/2024<\/span><\/p><\/td><td width=\"331\"><p><span style=\"color: #000000;\">Salle KLEBER\u00a0:2 Bd de Cascais quartier Kleber BIARRITZ. Salle polyvalente du rez de chauss\u00e9e<\/span><\/p><\/td><\/tr><tr><td width=\"283\"><p><span style=\"color: #000000;\">DANSES SALON<\/span><\/p><\/td><td width=\"94\"><p><span style=\"color: #000000;\">01\/10\/2024<\/span><\/p><\/td><td width=\"331\"><p><span style=\"color: #000000;\">Salle KLEBER :2 Bd de Cascais quartier Kleber BIARRITZ. Salle polyvalente du rez de chauss\u00e9e<\/span><\/p><\/td><\/tr><tr><td width=\"283\"><p><span style=\"color: #000000;\">GOLF<\/span><\/p><\/td><td width=\"94\"><p><span style=\"color: #000000;\">02\/10\/2024<\/span><\/p><\/td><td width=\"331\"><p><span style=\"color: #000000;\">Golf d\u2019ILBARITZ\u00a0:1 av du ch\u00e2teau BIDART<\/span><\/p><\/td><\/tr><tr><td width=\"283\"><p><span style=\"color: #000000;\">GYMNASTIQUE D\u2019ENTRETIEN -LUNDI<\/span><\/p><\/td><td width=\"94\"><p><span style=\"color: #000000;\">30\/09\/2024<\/span><\/p><\/td><td width=\"331\"><p><span style=\"color: #000000;\">Salle du BRAOU\u00a0:55 av du Braou BIARRITZ<\/span><\/p><\/td><\/tr><tr><td width=\"283\"><p><span style=\"color: #000000;\">GYMNASTIQUE D\u2019ENTRETIEN-VENDREDI<\/span><\/p><\/td><td width=\"94\"><p><span style=\"color: #000000;\">04\/10\/2024<\/span><\/p><\/td><td width=\"331\"><p><span style=\"color: #000000;\">Salle KLEBER 2 bd de Cascais salle polyvalente du rez de chauss\u00e9e BIARRITZ<\/span><\/p><\/td><\/tr><tr><td width=\"283\"><p><span style=\"color: #000000;\">PILATES CONFIRMES -LUNDI<\/span><\/p><\/td><td width=\"94\"><p><span style=\"color: #000000;\">30\/09\/2024<\/span><\/p><\/td><td width=\"331\"><p><span style=\"color: #000000;\">Salle du BRAOU\u00a0:55 av du Braou BIARRITZ<\/span><\/p><\/td><\/tr><tr><td width=\"283\"><p><span style=\"color: #000000;\">PILATES-DEBUTANTS-VENDREDI<\/span><\/p><\/td><td width=\"94\"><p><span style=\"color: #000000;\">04\/10\/2024<\/span><\/p><\/td><td width=\"331\"><p><span style=\"color: #000000;\">Salle du BRAOU\u00a0:55 av du Braou BIARRITZ<\/span><\/p><\/td><\/tr><tr><td width=\"283\"><p><span style=\"color: #000000;\">GYMNASTIQUE MTHODE FELDENKRAIS<\/span><\/p><\/td><td width=\"94\"><p><span style=\"color: #000000;\">04\/10\/2024<\/span><\/p><\/td><td width=\"331\"><p><span style=\"color: #000000;\">Salle KLEBER :2 Bd de Cascais quartier Kleber BIARRITZ. Salle polyvalente du rez de chauss\u00e9e<\/span><\/p><\/td><\/tr><tr><td width=\"283\"><p><span style=\"color: #000000;\">MARCHE NORDIQUE-MARDI<\/span><\/p><\/td><td width=\"94\"><p><span style=\"color: #000000;\">24\/09\/2024<\/span><\/p><\/td><td width=\"331\"><p><span style=\"color: #000000;\">RDV : Parking PIGNADA MONTBRUN -ANGLET<\/span><\/p><\/td><\/tr><tr><td width=\"283\"><p><span style=\"color: #000000;\">MARCHE NORDIQUE-MERCREDI<\/span><\/p><\/td><td width=\"94\"><p><span style=\"color: #000000;\">18\/09\/2024<\/span><\/p><\/td><td width=\"331\"><p><span style=\"color: #000000;\">RDV : Parking PIGNADA MONTBRUN -ANGLET<\/span><\/p><\/td><\/tr><tr><td width=\"283\"><p><span style=\"color: #000000;\">QI-GONG-MARDI<\/span><\/p><\/td><td width=\"94\"><p><span style=\"color: #000000;\">01\/10\/2024<\/span><\/p><\/td><td width=\"331\"><p><span style=\"color: #000000;\">Salle du BRAOU\u00a0:55 av du Braou BIARRITZ<\/span><\/p><\/td><\/tr><tr><td width=\"283\"><p><span style=\"color: #000000;\">QI-GONG-VENDREDI<\/span><\/p><\/td><td width=\"94\"><p><span style=\"color: #000000;\">04\/10\/2024<\/span><\/p><\/td><td width=\"331\"><p><span style=\"color: #000000;\">Salle du BRAOU\u00a0:55 av du Braou BIARRITZ<\/span><\/p><\/td><\/tr><tr><td width=\"283\"><p><span style=\"color: #000000;\">RANDONNEE PEDESTRE<\/span><\/p><\/td><td width=\"94\"><p><span style=\"color: #000000;\">19\/09\/2024<\/span><\/p><\/td><td width=\"331\"><p><span style=\"color: #000000;\">RDV Parking \u00e0 d\u00e9terminer selon travaux<\/span><\/p><\/td><\/tr><tr><td width=\"283\"><p><span style=\"color: #000000;\">MARCHE en PLAINE<\/span><\/p><\/td><td width=\"94\"><p><span style=\"color: #000000;\">16\/09\/2024<\/span><\/p><\/td><td width=\"331\"><p><span style=\"color: #000000;\">RDV selon planning<\/span><\/p><\/td><\/tr><tr><td width=\"283\"><p><span style=\"color: #000000;\">MARCHE LE LONG DU LITTORAL<\/span><\/p><\/td><td width=\"94\"><p><span style=\"color: #000000;\">01\/10\/2024<\/span><\/p><\/td><td width=\"331\"><p><span style=\"color: #000000;\">Kiosque Sables d\u2019Or \u00a0ANGLET<\/span><\/p><\/td><\/tr><tr><td width=\"283\"><p><span style=\"color: #000000;\">STRETCHING-MARDI<\/span><\/p><\/td><td width=\"94\"><p><span style=\"color: #000000;\">01\/10\/2024<\/span><\/p><\/td><td width=\"331\"><p><span style=\"color: #000000;\">Salle du BRAOU\u00a0:55 av du Braou BIARRITZ<\/span><\/p><\/td><\/tr><tr><td width=\"283\"><p><span style=\"color: #000000;\">STRETCHING -VENDREDI<\/span><\/p><\/td><td width=\"94\"><p><span style=\"color: #000000;\">04\/10\/2024<\/span><\/p><\/td><td width=\"331\"><p><span style=\"color: #000000;\">Salle du BRAOU\u00a0:55 av du Braou BIARRITZ<\/span><\/p><\/td><\/tr><tr><td width=\"283\"><p><span style=\"color: #000000;\">YOGA<\/span><\/p><\/td><td width=\"94\"><p><span style=\"color: #000000;\">02\/10\/2024<\/span><\/p><\/td><td width=\"331\"><p><span style=\"color: #000000;\">Salle du BRAOU\u00a0:55 av du Braou BIARRITZ<\/span><\/p><\/td><\/tr><\/tbody><\/table>\t\t\t\t\t\t\t\t<\/div>\n\t\t\t\t<\/div>\n\t\t\t\t\t<\/div>\n\t\t\t\t<\/div>\n\t\t\t\t<\/div>\n\t\t","protected":false},"excerpt":{"rendered":"<p>\u00a0 \u00a0 ACTIVITES DATE LIEU AQUAGYM -MARDI 10\/09\/2024 Piscine municipale Emile LAMOTHE-Bd du Gal de Gaule BIARRITZ AQUAGYM-VENDREDI 13\/09\/2024 Acc\u00e8s par la porte r\u00e9serv\u00e9e aux associations, \u00e0 c\u00f4t\u00e9 du poste de secours de la Grande Plage. ATELIER CHANTS 01\/10\/2024 Salle Saint Martin\u00a0:4 rue Saint Martin BIARRITZ DANSES BASQUES-MUTXIKO 01\/10\/2024 Salle KLEBER\u00a0:2 Bd de Cascais quartier Kleber BIARRITZ. Salle polyvalente du rez de chauss\u00e9e DANSES SALON 01\/10\/2024 Salle KLEBER :2 Bd de Cascais quartier Kleber BIARRITZ. Salle polyvalente du rez de<\/p>\n","protected":false},"author":5,"featured_media":0,"parent":0,"menu_order":0,"comment_status":"closed","ping_status":"closed","template":"","meta":{"_seopress_robots_primary_cat":"","_seopress_titles_title":"","_seopress_titles_desc":"","_seopress_robots_index":"","footnotes":""},"class_list":["post-9752","page","type-page","status-publish","hentry"],"_links":{"self":[{"href":"https:\/\/test.biarritzsportsretraite.fr\/index.php\/wp-json\/wp\/v2\/pages\/9752","targetHints":{"allow":["GET"]}}],"collection":[{"href":"https:\/\/test.biarritzsportsretraite.fr\/index.php\/wp-json\/wp\/v2\/pages"}],"about":[{"href":"https:\/\/test.biarritzsportsretraite.fr\/index.php\/wp-json\/wp\/v2\/types\/page"}],"author":[{"embeddable":true,"href":"https:\/\/test.biarritzsportsretraite.fr\/index.php\/wp-json\/wp\/v2\/users\/5"}],"replies":[{"embeddable":true,"href":"https:\/\/test.biarritzsportsretraite.fr\/index.php\/wp-json\/wp\/v2\/comments?post=9752"}],"version-history":[{"count":8,"href":"https:\/\/test.biarritzsportsretraite.fr\/index.php\/wp-json\/wp\/v2\/pages\/9752\/revisions"}],"predecessor-version":[{"id":9769,"href":"https:\/\/test.biarritzsportsretraite.fr\/index.php\/wp-json\/wp\/v2\/pages\/9752\/revisions\/9769"}],"wp:attachment":[{"href":"https:\/\/test.biarritzsportsretraite.fr\/index.php\/wp-json\/wp\/v2\/media?parent=9752"}],"curies":[{"name":"wp","href":"https:\/\/api.w.org\/{rel}","templated":true}]}}